{"id":30,"date":"2023-05-27T08:31:00","date_gmt":"2023-05-27T07:31:00","guid":{"rendered":"https:\/\/newecocare.com\/?page_id=30"},"modified":"2025-11-17T01:55:11","modified_gmt":"2025-11-17T01:55:11","slug":"nous-contacter","status":"publish","type":"page","link":"https:\/\/newecocare.com\/fr\/contact-us\/","title":{"rendered":"Contactez nous"},"content":{"rendered":"\t\t<div data-elementor-type=\"wp-page\" data-elementor-id=\"30\" class=\"elementor elementor-30\" data-elementor-settings=\"{&quot;ha_cmc_init_switcher&quot;:&quot;no&quot;}\" data-elementor-post-type=\"page\">\n\t\t\t\t\t\t<section class=\"elementor-section elementor-top-section elementor-element elementor-element-55dde04 elementor-section-full_width elementor-section-height-default elementor-section-height-default\" data-id=\"55dde04\" data-element_type=\"section\" data-e-type=\"section\" data-settings=\"{&quot;_ha_eqh_enable&quot;:false}\">\n\t\t\t\t\t\t<div class=\"elementor-container elementor-column-gap-default\">\n\t\t\t\t\t<div class=\"elementor-column elementor-col-100 elementor-top-column elementor-element elementor-element-3d504e80\" data-id=\"3d504e80\" data-element_type=\"column\" data-e-type=\"column\">\n\t\t\t<div class=\"elementor-widget-wrap elementor-element-populated\">\n\t\t\t\t\t\t<div class=\"elementor-element elementor-element-31790945 elementor-widget elementor-widget-image\" data-id=\"31790945\" data-element_type=\"widget\" data-e-type=\"widget\" data-widget_type=\"image.default\">\n\t\t\t\t<div class=\"elementor-widget-container\">\n\t\t\t\t\t\t\t\t\t\t\t\t\t\t\t<img fetchpriority=\"high\" decoding=\"async\" width=\"1920\" height=\"450\" src=\"https:\/\/newecocare.com\/wp-content\/uploads\/2023\/06\/contact-bg-img-1.jpg\" class=\"attachment-full size-full wp-image-145\" alt=\"\" srcset=\"https:\/\/newecocare.com\/wp-content\/uploads\/2023\/06\/contact-bg-img-1.jpg 1920w, https:\/\/newecocare.com\/wp-content\/uploads\/2023\/06\/contact-bg-img-1-600x141.jpg 600w, https:\/\/newecocare.com\/wp-content\/uploads\/2023\/06\/contact-bg-img-1-300x70.jpg 300w, https:\/\/newecocare.com\/wp-content\/uploads\/2023\/06\/contact-bg-img-1-1024x240.jpg 1024w, https:\/\/newecocare.com\/wp-content\/uploads\/2023\/06\/contact-bg-img-1-768x180.jpg 768w, https:\/\/newecocare.com\/wp-content\/uploads\/2023\/06\/contact-bg-img-1-1536x360.jpg 1536w\" sizes=\"(max-width: 1920px) 100vw, 1920px\" \/>\t\t\t\t\t\t\t\t\t\t\t\t\t\t\t<\/div>\n\t\t\t\t<\/div>\n\t\t\t\t\t<\/div>\n\t\t<\/div>\n\t\t\t\t\t<\/div>\n\t\t<\/section>\n\t\t\t\t<section class=\"elementor-section elementor-top-section elementor-element elementor-element-5d6041cb elementor-section-boxed elementor-section-height-default elementor-section-height-default\" data-id=\"5d6041cb\" data-element_type=\"section\" data-e-type=\"section\" data-settings=\"{&quot;_ha_eqh_enable&quot;:false}\">\n\t\t\t\t\t\t<div class=\"elementor-container elementor-column-gap-default\">\n\t\t\t\t\t<div class=\"elementor-column elementor-col-100 elementor-top-column elementor-element elementor-element-231a91f7\" data-id=\"231a91f7\" data-element_type=\"column\" data-e-type=\"column\">\n\t\t\t<div class=\"elementor-widget-wrap elementor-element-populated\">\n\t\t\t\t\t\t<section class=\"elementor-section elementor-inner-section elementor-element elementor-element-540b76c8 elementor-section-boxed elementor-section-height-default elementor-section-height-default\" data-id=\"540b76c8\" data-element_type=\"section\" data-e-type=\"section\" data-settings=\"{&quot;_ha_eqh_enable&quot;:false}\">\n\t\t\t\t\t\t<div class=\"elementor-container elementor-column-gap-default\">\n\t\t\t\t\t<div class=\"elementor-column elementor-col-50 elementor-inner-column elementor-element elementor-element-26de80dd\" data-id=\"26de80dd\" data-element_type=\"column\" data-e-type=\"column\" data-settings=\"{&quot;background_background&quot;:&quot;classic&quot;}\">\n\t\t\t<div class=\"elementor-widget-wrap elementor-element-populated\">\n\t\t\t\t\t\t<div class=\"elementor-element elementor-element-1213ef8f elementor-widget elementor-widget-heading\" data-id=\"1213ef8f\" data-element_type=\"widget\" data-e-type=\"widget\" data-widget_type=\"heading.default\">\n\t\t\t\t<div class=\"elementor-widget-container\">\n\t\t\t\t\t<h2 class=\"elementor-heading-title elementor-size-default\">CONTACT INFO<\/h2>\t\t\t\t<\/div>\n\t\t\t\t<\/div>\n\t\t\t\t<div class=\"elementor-element elementor-element-ffcae06 elementor-widget elementor-widget-text-editor\" data-id=\"ffcae06\" data-element_type=\"widget\" data-e-type=\"widget\" data-widget_type=\"text-editor.default\">\n\t\t\t\t<div class=\"elementor-widget-container\">\n\t\t\t\t\t\t\t\t\t<p>stay connected with us to explore our comprehensive range of disposable hygiene products and experience top-notch customer service for all your inquiries.<\/p>\t\t\t\t\t\t\t\t<\/div>\n\t\t\t\t<\/div>\n\t\t\t\t<div class=\"elementor-element elementor-element-48c6e502 elementor-widget-divider--view-line elementor-widget elementor-widget-divider\" data-id=\"48c6e502\" data-element_type=\"widget\" data-e-type=\"widget\" data-widget_type=\"divider.default\">\n\t\t\t\t<div class=\"elementor-widget-container\">\n\t\t\t\t\t\t\t<div class=\"elementor-divider\">\n\t\t\t<span class=\"elementor-divider-separator\">\n\t\t\t\t\t\t<\/span>\n\t\t<\/div>\n\t\t\t\t\t\t<\/div>\n\t\t\t\t<\/div>\n\t\t\t\t<div class=\"elementor-element elementor-element-35c2f3fd elementor-icon-list--layout-traditional elementor-list-item-link-full_width elementor-widget elementor-widget-icon-list\" data-id=\"35c2f3fd\" data-element_type=\"widget\" data-e-type=\"widget\" data-widget_type=\"icon-list.default\">\n\t\t\t\t<div class=\"elementor-widget-container\">\n\t\t\t\t\t\t\t<ul class=\"elementor-icon-list-items\">\n\t\t\t\t\t\t\t<li class=\"elementor-icon-list-item\">\n\t\t\t\t\t\t\t\t\t\t\t<a href=\"mailto:sales@newecocare.com\">\n\n\t\t\t\t\t\t\t\t\t\t\t\t<span class=\"elementor-icon-list-icon\">\n\t\t\t\t\t\t\t<i aria-hidden=\"true\" class=\"far fa-envelope\"><\/i>\t\t\t\t\t\t<\/span>\n\t\t\t\t\t\t\t\t\t\t<span class=\"elementor-icon-list-text\">sales@newecocare.com<\/span>\n\t\t\t\t\t\t\t\t\t\t\t<\/a>\n\t\t\t\t\t\t\t\t\t<\/li>\n\t\t\t\t\t\t\t\t<li class=\"elementor-icon-list-item\">\n\t\t\t\t\t\t\t\t\t\t\t<span class=\"elementor-icon-list-icon\">\n\t\t\t\t\t\t\t<i aria-hidden=\"true\" class=\"fab fa-whatsapp\"><\/i>\t\t\t\t\t\t<\/span>\n\t\t\t\t\t\t\t\t\t\t<span class=\"elementor-icon-list-text\">+86 13959245492<\/span>\n\t\t\t\t\t\t\t\t\t<\/li>\n\t\t\t\t\t\t\t\t<li class=\"elementor-icon-list-item\">\n\t\t\t\t\t\t\t\t\t\t\t<span class=\"elementor-icon-list-icon\">\n\t\t\t\t\t\t\t<i aria-hidden=\"true\" class=\"fas fa-map-marked-alt\"><\/i>\t\t\t\t\t\t<\/span>\n\t\t\t\t\t\t\t\t\t\t<span class=\"elementor-icon-list-text\">Unit 7C, Yuanyang Bldg, No. 268, Lujiang Rd, Siming District, Xiamen, China<\/span>\n\t\t\t\t\t\t\t\t\t<\/li>\n\t\t\t\t\t\t<\/ul>\n\t\t\t\t\t\t<\/div>\n\t\t\t\t<\/div>\n\t\t\t\t<div class=\"elementor-element elementor-element-ac19e40 elementor-shape-circle e-grid-align-left elementor-grid-0 elementor-widget elementor-widget-social-icons\" data-id=\"ac19e40\" data-element_type=\"widget\" data-e-type=\"widget\" data-widget_type=\"social-icons.default\">\n\t\t\t\t<div class=\"elementor-widget-container\">\n\t\t\t\t\t\t\t<div class=\"elementor-social-icons-wrapper elementor-grid\" role=\"list\">\n\t\t\t\t\t\t\t<span class=\"elementor-grid-item\" role=\"listitem\">\n\t\t\t\t\t<a class=\"elementor-icon elementor-social-icon elementor-social-icon-facebook elementor-repeater-item-a5fcdae\" href=\"https:\/\/www.facebook.com\/NewEcocarePage\" target=\"_blank\">\n\t\t\t\t\t\t<span class=\"elementor-screen-only\">Facebook<\/span>\n\t\t\t\t\t\t<i aria-hidden=\"true\" class=\"fab fa-facebook\"><\/i>\t\t\t\t\t<\/a>\n\t\t\t\t<\/span>\n\t\t\t\t\t\t\t<span class=\"elementor-grid-item\" role=\"listitem\">\n\t\t\t\t\t<a class=\"elementor-icon elementor-social-icon elementor-social-icon-youtube elementor-repeater-item-cea0e54\" href=\"https:\/\/www.youtube.com\/@NewEcoCare\" target=\"_blank\">\n\t\t\t\t\t\t<span class=\"elementor-screen-only\">Youtube<\/span>\n\t\t\t\t\t\t<i aria-hidden=\"true\" class=\"fab fa-youtube\"><\/i>\t\t\t\t\t<\/a>\n\t\t\t\t<\/span>\n\t\t\t\t\t\t\t<span class=\"elementor-grid-item\" role=\"listitem\">\n\t\t\t\t\t<a class=\"elementor-icon elementor-social-icon elementor-social-icon-linkedin elementor-repeater-item-9504d3b\" href=\"https:\/\/www.linkedin.com\/company\/newecocare\/\" target=\"_blank\">\n\t\t\t\t\t\t<span class=\"elementor-screen-only\">Linkedin<\/span>\n\t\t\t\t\t\t<i aria-hidden=\"true\" class=\"fab fa-linkedin\"><\/i>\t\t\t\t\t<\/a>\n\t\t\t\t<\/span>\n\t\t\t\t\t<\/div>\n\t\t\t\t\t\t<\/div>\n\t\t\t\t<\/div>\n\t\t\t\t\t<\/div>\n\t\t<\/div>\n\t\t\t\t<div class=\"elementor-column elementor-col-50 elementor-inner-column elementor-element elementor-element-4a1af359\" data-id=\"4a1af359\" data-element_type=\"column\" data-e-type=\"column\">\n\t\t\t<div class=\"elementor-widget-wrap elementor-element-populated\">\n\t\t\t\t\t\t<div class=\"elementor-element elementor-element-5aa37170 elementor-widget elementor-widget-heading\" data-id=\"5aa37170\" data-element_type=\"widget\" data-e-type=\"widget\" data-widget_type=\"heading.default\">\n\t\t\t\t<div class=\"elementor-widget-container\">\n\t\t\t\t\t<h2 class=\"elementor-heading-title elementor-size-default\">CONTACT US<\/h2>\t\t\t\t<\/div>\n\t\t\t\t<\/div>\n\t\t\t\t<div class=\"elementor-element elementor-element-4df6b7c5 elementor-widget elementor-widget-text-editor\" data-id=\"4df6b7c5\" data-element_type=\"widget\" data-e-type=\"widget\" data-widget_type=\"text-editor.default\">\n\t\t\t\t<div class=\"elementor-widget-container\">\n\t\t\t\t\t\t\t\t\t<p>Take the first step towards finding the perfect disposable hygiene products supplier for your needs by reaching out to our friendly team today.<\/p>\t\t\t\t\t\t\t\t<\/div>\n\t\t\t\t<\/div>\n\t\t\t\t<div class=\"elementor-element elementor-element-63a40d9c elementor-button-align-end elementor-widget elementor-widget-form\" data-id=\"63a40d9c\" data-element_type=\"widget\" data-e-type=\"widget\" data-settings=\"{&quot;step_next_label&quot;:&quot;Next&quot;,&quot;step_previous_label&quot;:&quot;Previous&quot;,&quot;button_width&quot;:&quot;100&quot;,&quot;step_type&quot;:&quot;number_text&quot;,&quot;step_icon_shape&quot;:&quot;circle&quot;}\" data-widget_type=\"form.default\">\n\t\t\t\t<div class=\"elementor-widget-container\">\n\t\t\t\t\t\t\t<form class=\"elementor-form\" method=\"post\" name=\"New Form\" aria-label=\"New Form\">\n\t\t\t<input type=\"hidden\" name=\"post_id\" value=\"30\"\/>\n\t\t\t<input type=\"hidden\" name=\"form_id\" value=\"63a40d9c\"\/>\n\t\t\t<input type=\"hidden\" name=\"referer_title\" value=\"Contact us - New Ecocare for baby diapers, adult diapers\" \/>\n\n\t\t\t\t\t\t\t<input type=\"hidden\" name=\"queried_id\" value=\"30\"\/>\n\t\t\t\n\t\t\t<div class=\"elementor-form-fields-wrapper elementor-labels-\">\n\t\t\t\t\t\t\t\t<div class=\"elementor-field-type-text elementor-field-group elementor-column elementor-field-group-name elementor-col-50 elementor-field-required\">\n\t\t\t\t\t\t\t\t\t\t\t\t<label for=\"form-field-name\" class=\"elementor-field-label elementor-screen-only\">\n\t\t\t\t\t\t\t\tName\t\t\t\t\t\t\t<\/label>\n\t\t\t\t\t\t\t\t\t\t\t\t\t\t<input size=\"1\" type=\"text\" name=\"form_fields[name]\" id=\"form-field-name\" class=\"elementor-field elementor-size-lg  elementor-field-textual\" placeholder=\"Name\" required=\"required\">\n\t\t\t\t\t\t\t\t\t\t\t<\/div>\n\t\t\t\t\t\t\t\t<div class=\"elementor-field-type-email elementor-field-group elementor-column elementor-field-group-email elementor-col-50 elementor-field-required\">\n\t\t\t\t\t\t\t\t\t\t\t\t<label for=\"form-field-email\" class=\"elementor-field-label elementor-screen-only\">\n\t\t\t\t\t\t\t\tEmail\t\t\t\t\t\t\t<\/label>\n\t\t\t\t\t\t\t\t\t\t\t\t\t\t<input size=\"1\" type=\"email\" name=\"form_fields[email]\" id=\"form-field-email\" class=\"elementor-field elementor-size-lg  elementor-field-textual\" placeholder=\"Email\" required=\"required\">\n\t\t\t\t\t\t\t\t\t\t\t<\/div>\n\t\t\t\t\t\t\t\t<div class=\"elementor-field-type-tel elementor-field-group elementor-column elementor-field-group-field_732c9b2 elementor-col-50\">\n\t\t\t\t\t\t\t\t\t\t\t\t<label for=\"form-field-field_732c9b2\" class=\"elementor-field-label elementor-screen-only\">\n\t\t\t\t\t\t\t\tPhone\t\t\t\t\t\t\t<\/label>\n\t\t\t\t\t\t\t\t<input size=\"1\" type=\"tel\" name=\"form_fields[field_732c9b2]\" id=\"form-field-field_732c9b2\" class=\"elementor-field elementor-size-lg  elementor-field-textual\" placeholder=\"Phone\" pattern=\"[0-9()#&amp;+*-=.]+\" title=\"Sono accettati solo numeri e caratteri telefonici (#, -, *, ecc.).\">\n\n\t\t\t\t\t\t<\/div>\n\t\t\t\t\t\t\t\t<div class=\"elementor-field-type-text elementor-field-group elementor-column elementor-field-group-field_efa0e8a elementor-col-50\">\n\t\t\t\t\t\t\t\t\t\t\t\t<label for=\"form-field-field_efa0e8a\" class=\"elementor-field-label elementor-screen-only\">\n\t\t\t\t\t\t\t\tCompany\t\t\t\t\t\t\t<\/label>\n\t\t\t\t\t\t\t\t\t\t\t\t\t\t<input size=\"1\" type=\"text\" name=\"form_fields[field_efa0e8a]\" id=\"form-field-field_efa0e8a\" class=\"elementor-field elementor-size-lg  elementor-field-textual\" placeholder=\"Company\">\n\t\t\t\t\t\t\t\t\t\t\t<\/div>\n\t\t\t\t\t\t\t\t<div class=\"elementor-field-type-textarea elementor-field-group elementor-column elementor-field-group-message elementor-col-100 elementor-field-required\">\n\t\t\t\t\t\t\t\t\t\t\t\t<label for=\"form-field-message\" class=\"elementor-field-label elementor-screen-only\">\n\t\t\t\t\t\t\t\tMessage\t\t\t\t\t\t\t<\/label>\n\t\t\t\t\t\t<textarea class=\"elementor-field-textual elementor-field  elementor-size-lg\" name=\"form_fields[message]\" id=\"form-field-message\" rows=\"4\" placeholder=\"Message\" required=\"required\"><\/textarea>\t\t\t\t<\/div>\n\t\t\t\t\t\t\t\t<div class=\"elementor-field-type-recaptcha_v3 elementor-field-group elementor-column elementor-field-group-field_95d0a95 elementor-col-100 recaptcha_v3-bottomright\">\n\t\t\t\t\t<div class=\"elementor-field\" id=\"form-field-field_95d0a95\"><div class=\"elementor-g-recaptcha\" data-sitekey=\"6LeuOXcrAAAAAAf7G7KL6YKNKlckTGeE8fk9SZMQ\" data-type=\"v3\" data-action=\"Form\" data-badge=\"bottomright\" data-size=\"invisible\"><\/div><\/div>\t\t\t\t<\/div>\n\t\t\t\t\t\t\t\t<div class=\"elementor-field-group elementor-column elementor-field-type-submit elementor-col-100 e-form__buttons\">\n\t\t\t\t\t<button class=\"elementor-button elementor-size-md\" type=\"submit\">\n\t\t\t\t\t\t<span class=\"elementor-button-content-wrapper\">\n\t\t\t\t\t\t\t\t\t\t\t\t\t\t\t\t\t\t\t\t\t\t<span class=\"elementor-button-text\">Send<\/span>\n\t\t\t\t\t\t\t\t\t\t\t\t\t<\/span>\n\t\t\t\t\t<\/button>\n\t\t\t\t<\/div>\n\t\t\t<\/div>\n\t\t<\/form>\n\t\t\t\t\t\t<\/div>\n\t\t\t\t<\/div>\n\t\t\t\t\t<\/div>\n\t\t<\/div>\n\t\t\t\t\t<\/div>\n\t\t<\/section>\n\t\t\t\t\t<\/div>\n\t\t<\/div>\n\t\t\t\t\t<\/div>\n\t\t<\/section>\n\t\t\t\t<\/div>\n\t\t","protected":false},"excerpt":{"rendered":"<p>CONTACT INFO stay connected with us to explore our comprehensive range of disposable hygiene products and experience top-notch customer service for all your inquiries. sales@newecocare.com +86 13959245492 Unit 7C, Yuanyang Bldg, No. 268, Lujiang Rd, Siming District, Xiamen, China Facebook Youtube Linkedin CONTACT US Take the first step towards finding the perfect disposable hygiene products [&hellip;]<\/p>\n","protected":false},"author":1,"featured_media":0,"parent":0,"menu_order":0,"comment_status":"closed","ping_status":"closed","template":"","meta":{"footnotes":""},"class_list":["post-30","page","type-page","status-publish","hentry"],"yoast_head":"<!-- This site is optimized with the Yoast SEO plugin v27.3 - https:\/\/yoast.com\/product\/yoast-seo-wordpress\/ -->\n<title>Contact us - New Ecocare for baby diapers, adult diapers<\/title>\n<meta name=\"description\" content=\"Kindly contact us via contact form, email, phone to get our latest baby diapers, adult diapers, disposable underpads, wet wipes, tissues.\" \/>\n<meta name=\"robots\" content=\"index, follow, max-snippet:-1, max-image-preview:large, max-video-preview:-1\" \/>\n<link rel=\"canonical\" href=\"https:\/\/newecocare.com\/fr\/nous-contacter\/\" \/>\n<meta property=\"og:locale\" content=\"fr_FR\" \/>\n<meta property=\"og:type\" content=\"article\" \/>\n<meta property=\"og:title\" content=\"Contact us - New Ecocare for baby diapers, adult diapers\" \/>\n<meta property=\"og:description\" content=\"Kindly contact us via contact form, email, phone to get our latest baby diapers, adult diapers, disposable underpads, wet wipes, tissues.\" \/>\n<meta property=\"og:url\" content=\"https:\/\/newecocare.com\/fr\/nous-contacter\/\" \/>\n<meta property=\"og:site_name\" content=\"New Ecocare.\" \/>\n<meta property=\"article:modified_time\" content=\"2025-11-17T01:55:11+00:00\" \/>\n<meta property=\"og:image\" content=\"https:\/\/newecocare.com\/wp-content\/uploads\/2023\/06\/contact-bg-img-1.jpg\" \/>\n\t<meta property=\"og:image:width\" content=\"1920\" \/>\n\t<meta property=\"og:image:height\" content=\"450\" \/>\n\t<meta property=\"og:image:type\" content=\"image\/jpeg\" \/>\n<meta name=\"twitter:card\" content=\"summary_large_image\" \/>\n<meta name=\"twitter:label1\" content=\"Dur\u00e9e de lecture estim\u00e9e\" \/>\n\t<meta name=\"twitter:data1\" content=\"1 minute\" \/>\n<script type=\"application\/ld+json\" class=\"yoast-schema-graph\">{\"@context\":\"https:\\\/\\\/schema.org\",\"@graph\":[{\"@type\":\"WebPage\",\"@id\":\"https:\\\/\\\/newecocare.com\\\/contact-us\\\/\",\"url\":\"https:\\\/\\\/newecocare.com\\\/contact-us\\\/\",\"name\":\"Contact us - New Ecocare for baby diapers, adult diapers\",\"isPartOf\":{\"@id\":\"https:\\\/\\\/newecocare.com\\\/#website\"},\"primaryImageOfPage\":{\"@id\":\"https:\\\/\\\/newecocare.com\\\/contact-us\\\/#primaryimage\"},\"image\":{\"@id\":\"https:\\\/\\\/newecocare.com\\\/contact-us\\\/#primaryimage\"},\"thumbnailUrl\":\"https:\\\/\\\/newecocare.com\\\/wp-content\\\/uploads\\\/2023\\\/06\\\/contact-bg-img-1.jpg\",\"datePublished\":\"2023-05-27T07:31:00+00:00\",\"dateModified\":\"2025-11-17T01:55:11+00:00\",\"description\":\"Kindly contact us via contact form, email, phone to get our latest baby diapers, adult diapers, disposable underpads, wet wipes, tissues.\",\"breadcrumb\":{\"@id\":\"https:\\\/\\\/newecocare.com\\\/contact-us\\\/#breadcrumb\"},\"inLanguage\":\"fr-FR\",\"potentialAction\":[{\"@type\":\"ReadAction\",\"target\":[\"https:\\\/\\\/newecocare.com\\\/contact-us\\\/\"]}]},{\"@type\":\"ImageObject\",\"inLanguage\":\"fr-FR\",\"@id\":\"https:\\\/\\\/newecocare.com\\\/contact-us\\\/#primaryimage\",\"url\":\"https:\\\/\\\/newecocare.com\\\/wp-content\\\/uploads\\\/2023\\\/06\\\/contact-bg-img-1.jpg\",\"contentUrl\":\"https:\\\/\\\/newecocare.com\\\/wp-content\\\/uploads\\\/2023\\\/06\\\/contact-bg-img-1.jpg\"},{\"@type\":\"BreadcrumbList\",\"@id\":\"https:\\\/\\\/newecocare.com\\\/contact-us\\\/#breadcrumb\",\"itemListElement\":[{\"@type\":\"ListItem\",\"position\":1,\"name\":\"Home\",\"item\":\"https:\\\/\\\/newecocare.com\\\/\"},{\"@type\":\"ListItem\",\"position\":2,\"name\":\"Contact us\"}]},{\"@type\":\"WebSite\",\"@id\":\"https:\\\/\\\/newecocare.com\\\/#website\",\"url\":\"https:\\\/\\\/newecocare.com\\\/\",\"name\":\"New Ecocare.\",\"description\":\"\",\"publisher\":{\"@id\":\"https:\\\/\\\/newecocare.com\\\/#organization\"},\"potentialAction\":[{\"@type\":\"SearchAction\",\"target\":{\"@type\":\"EntryPoint\",\"urlTemplate\":\"https:\\\/\\\/newecocare.com\\\/?s={search_term_string}\"},\"query-input\":{\"@type\":\"PropertyValueSpecification\",\"valueRequired\":true,\"valueName\":\"search_term_string\"}}],\"inLanguage\":\"fr-FR\"},{\"@type\":\"Organization\",\"@id\":\"https:\\\/\\\/newecocare.com\\\/#organization\",\"name\":\"New Ecocare.\",\"url\":\"https:\\\/\\\/newecocare.com\\\/\",\"logo\":{\"@type\":\"ImageObject\",\"inLanguage\":\"fr-FR\",\"@id\":\"https:\\\/\\\/newecocare.com\\\/#\\\/schema\\\/logo\\\/image\\\/\",\"url\":\"https:\\\/\\\/newecocare.com\\\/wp-content\\\/uploads\\\/2023\\\/05\\\/Logo-Narrow.png\",\"contentUrl\":\"https:\\\/\\\/newecocare.com\\\/wp-content\\\/uploads\\\/2023\\\/05\\\/Logo-Narrow.png\",\"width\":832,\"height\":694,\"caption\":\"New Ecocare.\"},\"image\":{\"@id\":\"https:\\\/\\\/newecocare.com\\\/#\\\/schema\\\/logo\\\/image\\\/\"}}]}<\/script>\n<!-- \/ Yoast SEO plugin. -->","yoast_head_json":{"title":"Contactez-nous - New Ecocare pour les couches b\u00e9b\u00e9, les couches adultes","description":"N'h\u00e9sitez pas \u00e0 nous contacter via le formulaire de contact, l'email ou le t\u00e9l\u00e9phone pour obtenir nos derni\u00e8res couches pour b\u00e9b\u00e9s, couches pour adultes, serviettes hygi\u00e9niques jetables, lingettes humides, mouchoirs en papier.","robots":{"index":"index","follow":"follow","max-snippet":"max-snippet:-1","max-image-preview":"max-image-preview:large","max-video-preview":"max-video-preview:-1"},"canonical":"https:\/\/newecocare.com\/fr\/nous-contacter\/","og_locale":"fr_FR","og_type":"article","og_title":"Contact us - New Ecocare for baby diapers, adult diapers","og_description":"Kindly contact us via contact form, email, phone to get our latest baby diapers, adult diapers, disposable underpads, wet wipes, tissues.","og_url":"https:\/\/newecocare.com\/fr\/nous-contacter\/","og_site_name":"New Ecocare.","article_modified_time":"2025-11-17T01:55:11+00:00","og_image":[{"width":1920,"height":450,"url":"https:\/\/newecocare.com\/wp-content\/uploads\/2023\/06\/contact-bg-img-1.jpg","type":"image\/jpeg"}],"twitter_card":"summary_large_image","twitter_misc":{"Dur\u00e9e de lecture estim\u00e9e":"1 minute"},"schema":{"@context":"https:\/\/schema.org","@graph":[{"@type":"WebPage","@id":"https:\/\/newecocare.com\/contact-us\/","url":"https:\/\/newecocare.com\/contact-us\/","name":"Contactez-nous - New Ecocare pour les couches b\u00e9b\u00e9, les couches adultes","isPartOf":{"@id":"https:\/\/newecocare.com\/#website"},"primaryImageOfPage":{"@id":"https:\/\/newecocare.com\/contact-us\/#primaryimage"},"image":{"@id":"https:\/\/newecocare.com\/contact-us\/#primaryimage"},"thumbnailUrl":"https:\/\/newecocare.com\/wp-content\/uploads\/2023\/06\/contact-bg-img-1.jpg","datePublished":"2023-05-27T07:31:00+00:00","dateModified":"2025-11-17T01:55:11+00:00","description":"N'h\u00e9sitez pas \u00e0 nous contacter via le formulaire de contact, l'email ou le t\u00e9l\u00e9phone pour obtenir nos derni\u00e8res couches pour b\u00e9b\u00e9s, couches pour adultes, serviettes hygi\u00e9niques jetables, lingettes humides, mouchoirs en papier.","breadcrumb":{"@id":"https:\/\/newecocare.com\/contact-us\/#breadcrumb"},"inLanguage":"fr-FR","potentialAction":[{"@type":"ReadAction","target":["https:\/\/newecocare.com\/contact-us\/"]}]},{"@type":"ImageObject","inLanguage":"fr-FR","@id":"https:\/\/newecocare.com\/contact-us\/#primaryimage","url":"https:\/\/newecocare.com\/wp-content\/uploads\/2023\/06\/contact-bg-img-1.jpg","contentUrl":"https:\/\/newecocare.com\/wp-content\/uploads\/2023\/06\/contact-bg-img-1.jpg"},{"@type":"BreadcrumbList","@id":"https:\/\/newecocare.com\/contact-us\/#breadcrumb","itemListElement":[{"@type":"ListItem","position":1,"name":"Home","item":"https:\/\/newecocare.com\/"},{"@type":"ListItem","position":2,"name":"Contact us"}]},{"@type":"WebSite","@id":"https:\/\/newecocare.com\/#website","url":"https:\/\/newecocare.com\/","name":"Nouveau Ecocare.","description":"","publisher":{"@id":"https:\/\/newecocare.com\/#organization"},"potentialAction":[{"@type":"SearchAction","target":{"@type":"EntryPoint","urlTemplate":"https:\/\/newecocare.com\/?s={search_term_string}"},"query-input":{"@type":"PropertyValueSpecification","valueRequired":true,"valueName":"search_term_string"}}],"inLanguage":"fr-FR"},{"@type":"Organization","@id":"https:\/\/newecocare.com\/#organization","name":"Nouveau Ecocare.","url":"https:\/\/newecocare.com\/","logo":{"@type":"ImageObject","inLanguage":"fr-FR","@id":"https:\/\/newecocare.com\/#\/schema\/logo\/image\/","url":"https:\/\/newecocare.com\/wp-content\/uploads\/2023\/05\/Logo-Narrow.png","contentUrl":"https:\/\/newecocare.com\/wp-content\/uploads\/2023\/05\/Logo-Narrow.png","width":832,"height":694,"caption":"New Ecocare."},"image":{"@id":"https:\/\/newecocare.com\/#\/schema\/logo\/image\/"}}]}},"_links":{"self":[{"href":"https:\/\/newecocare.com\/fr\/wp-json\/wp\/v2\/pages\/30","targetHints":{"allow":["GET"]}}],"collection":[{"href":"https:\/\/newecocare.com\/fr\/wp-json\/wp\/v2\/pages"}],"about":[{"href":"https:\/\/newecocare.com\/fr\/wp-json\/wp\/v2\/types\/page"}],"author":[{"embeddable":true,"href":"https:\/\/newecocare.com\/fr\/wp-json\/wp\/v2\/users\/1"}],"replies":[{"embeddable":true,"href":"https:\/\/newecocare.com\/fr\/wp-json\/wp\/v2\/comments?post=30"}],"version-history":[{"count":44,"href":"https:\/\/newecocare.com\/fr\/wp-json\/wp\/v2\/pages\/30\/revisions"}],"predecessor-version":[{"id":7595,"href":"https:\/\/newecocare.com\/fr\/wp-json\/wp\/v2\/pages\/30\/revisions\/7595"}],"wp:attachment":[{"href":"https:\/\/newecocare.com\/fr\/wp-json\/wp\/v2\/media?parent=30"}],"curies":[{"name":"wp","href":"https:\/\/api.w.org\/{rel}","templated":true}]}}